{"id":27,"date":"2016-09-12T14:30:23","date_gmt":"2016-09-12T12:30:23","guid":{"rendered":"http:\/\/webdev.pnoom.com\/paropraxis\/?page_id=27"},"modified":"2025-10-09T14:56:46","modified_gmt":"2025-10-09T14:56:46","slug":"impressum","status":"publish","type":"page","link":"https:\/\/paropraxisberlin.de\/en\/impressum\/","title":{"rendered":"Imprint"},"content":{"rendered":"<p><\/p>\n<h3>Legal Information as mandated by \u00a75 Telemediengesetz<\/h3>\n<p>Name and Address of the office:<\/p>\n<p>Dr. Thorsten Gehrke, M.Sc. Periodontology (NL)<\/p>\n<p>dentist.<\/p>\n<p>Zimmermannstr. 2<\/p>\n<p>D &#8211; 12163 Berlin<\/p>\n<p>Tel. 030 &#8211; 791 51 93<\/p>\n<p>mail:\u00a0 mail@paropraxisberlin.de<\/p>\n<p><strong>Professional Title:<\/strong><\/p>\n<p>Dr. Thorsten Gehrke is authorized to use the professional title &#8220;Zahnarzt&#8221; (dentist), awarded to him by the state of Berlin (Germany).<\/p>\n<div id=\"container\">\n<div id=\"main\">\n<div id=\"imprint\" class=\"mod_article first last block\">\n<div class=\"ce_text last block\">\n<p>The responsable Chamber of Dentists and Association of Statutory Health Insurance Physicians:<\/p>\n<p><strong>Zahn\u00e4rztekammer Berlin<\/strong><br \/>\nStallstr. 1<br \/>\n10585 Berlin<br \/>\n<a href=\"http:\/\/www.zaek-berlin.de\" target=\"_blank\" rel=\"noopener\">www.zaek-berlin.de<\/a><\/p>\n<p><strong>KZV (Kassenzahn\u00e4rztliche Vereinigung) Berlin<\/strong><br \/>\nGeorg-Wilhelm-Str. 4-6<br \/>\n10702 Berlin<br \/>\n<a href=\"http:\/\/www.kzv-berlin.de\" target=\"_blank\" rel=\"noopener\">www.kzv-berlin.de<\/a><\/p>\n<p><strong>Relevant Professional Regulations are<\/strong><br \/>\n&#8211; &#8220;Gesetz \u00fcber die Aus\u00fcbung der Zahnheilkunde (ZHG)&#8221;<br \/>\n&#8211; &#8220;Berliner Kammergesetz f\u00fcr die Heilberufe&#8221;<br \/>\n&#8211; &#8220;Berufsordnung der Zahn\u00e4rztekammer Berlin&#8221;, current edition<br \/>\n&#8211; &#8220;Geb\u00fchrenordnung f\u00fcr Zahn\u00e4rzte (GOZ)&#8221;<\/p>\n<p>All relevant regulations according to the &#8220;Sozialgesetzbuch (SGB-V)&#8221;<\/p>\n<p>These legal regulations can be consulted under: <a href=\"http:\/\/www.zaek-berlin.de\" target=\"_blank\" rel=\"noopener\">www.zaek-berlin.de<\/a> and w<a href=\"https:\/\/www.berliner-zahnarzt.de\/ww.kzv-berlin.de\" target=\"_blank\" rel=\"noopener\">ww.kzv-berlin.de<\/a>.<\/p>\n<\/div>\n<div class=\"pdf_link\">\n<p>None of the texts or images on this website may be copied or reproduced without the express consent of the owners. We assume no liability for the content of external links.Please note: Though all pages were carefully translated into English to ensure a high level of accuracy, the legally relevant version of this website is and remains German.<\/p>\n<div id=\"container\"><\/div>\n<\/div>\n<div id=\"clear\"><\/div>\n<\/div>\n<\/div>\n<aside id=\"right\">\n<div class=\"mod_contentbox block\"><\/div>\n<div class=\"mod_contentbox block\"><\/div>\n<\/aside>\n<div id=\"clear\"><\/div>\n<\/div>\n<p><\/p>","protected":false},"excerpt":{"rendered":"<p>Legal Information as mandated by \u00a75 Telemediengesetz Name and Address of the office: Dr. Thorsten Gehrke, M.Sc. Periodontology (NL) dentist. Zimmermannstr. 2 D &#8211; 12163 Berlin Tel. 030 &#8211; 791 51 93 mail:\u00a0 mail@paropraxisberlin.de Professional Title: Dr. Thorsten Gehrke is authorized to use the professional title &#8220;Zahnarzt&#8221; (dentist), awarded to him by the state of [&hellip;]<\/p>\n","protected":false},"author":1,"featured_media":0,"parent":0,"menu_order":8,"comment_status":"closed","ping_status":"closed","template":"","meta":[],"acf":[],"_links":{"self":[{"href":"https:\/\/paropraxisberlin.de\/en\/wp-json\/wp\/v2\/pages\/27"}],"collection":[{"href":"https:\/\/paropraxisberlin.de\/en\/wp-json\/wp\/v2\/pages"}],"about":[{"href":"https:\/\/paropraxisberlin.de\/en\/wp-json\/wp\/v2\/types\/page"}],"author":[{"embeddable":true,"href":"https:\/\/paropraxisberlin.de\/en\/wp-json\/wp\/v2\/users\/1"}],"replies":[{"embeddable":true,"href":"https:\/\/paropraxisberlin.de\/en\/wp-json\/wp\/v2\/comments?post=27"}],"version-history":[{"count":11,"href":"https:\/\/paropraxisberlin.de\/en\/wp-json\/wp\/v2\/pages\/27\/revisions"}],"predecessor-version":[{"id":1404,"href":"https:\/\/paropraxisberlin.de\/en\/wp-json\/wp\/v2\/pages\/27\/revisions\/1404"}],"wp:attachment":[{"href":"https:\/\/paropraxisberlin.de\/en\/wp-json\/wp\/v2\/media?parent=27"}],"curies":[{"name":"wp","href":"https:\/\/api.w.org\/{rel}","templated":true}]}}