{"id":121,"date":"2016-10-31T15:13:13","date_gmt":"2016-10-31T14:13:13","guid":{"rendered":"http:\/\/webdev.pnoom.com\/paropraxis\/?page_id=121"},"modified":"2016-10-31T15:13:13","modified_gmt":"2016-10-31T14:13:13","slug":"beispiel-seite-fuer-typo-formate","status":"publish","type":"page","link":"https:\/\/paropraxisberlin.de\/en\/impressum\/beispiel-seite-fuer-typo-formate\/","title":{"rendered":"x-Beispiel f\u00fcr Typo-Formate"},"content":{"rendered":"<h1>Headline 1<\/h1>\n<h2>Headline 2<\/h2>\n<h3>Headline 3<\/h3>\n<h4>Headline 4<\/h4>\n<h5>Headline 5<\/h5>\n<h6>Headline 6<\/h6>\n<p><strong>Liebe Patientin, lieber Patient,<\/strong><\/p>\n<p><strong>von Montag, den 25. Juli bis einschlie\u00dflich Freitag, den 05. August bleibt die Praxis geschlossen.<\/strong><\/p>\n<p>Es vertritt uns in dieser Zeit: Praxis Dr. Bernd R\u00fche, Dominicusstr. 3, 10823 Berlin-Sch\u00f6neberg<br \/>\n(direkt gegen\u00fcber Rathaus Sch\u00f6neberg); Tel. 7842093.<\/p>\n<p>Den zahn\u00e4rztlichen Notdienst an den Wochenenden erfragen Sie bitte unter der Berliner<br \/>\nTelefonnummer: 89004333 (oder im Internet: <a href=\"http:\/\/www.kzv-berlin.de\/\" target=\"_blank\">www.kzv-berlin.de<\/a>).<\/p>\n<p>Ab Montag, den 08. August sind wir wieder f\u00fcr Sie da. Wir w\u00fcnschen Ihnen eine sch\u00f6ne Urlaubszeit!<\/p>\n<p>Ihre Praxisteams Dr. Gehrke und Busse-Gehrke<\/p>\n<h3>Listen mit Bulletpoints<\/h3>\n<ul>\n<li>erster Punkt der Aufz\u00e4hlung<\/li>\n<li>zweiter Punkt der Aufz\u00e4hlung<\/li>\n<li>dritter&#8230;<\/li>\n<li>usw&#8230;<\/li>\n<\/ul>\n<h3>Nummerierte Listen<\/h3>\n<ol>\n<li>Lorem<\/li>\n<li>ipsum<\/li>\n<li>trallalla und hopsassa<\/li>\n<li>viertens und so weiter&#8230;<\/li>\n<\/ol>\n","protected":false},"excerpt":{"rendered":"<p>Headline 1 Headline 2 Headline 3 Headline 4 Headline 5 Headline 6 Liebe Patientin, lieber Patient, von Montag, den 25. Juli bis einschlie\u00dflich Freitag, den 05. August bleibt die Praxis geschlossen. Es vertritt uns in dieser Zeit: Praxis Dr. Bernd R\u00fche, Dominicusstr. 3, 10823 Berlin-Sch\u00f6neberg (direkt gegen\u00fcber Rathaus Sch\u00f6neberg); Tel. 7842093. Den zahn\u00e4rztlichen Notdienst an [&hellip;]<\/p>\n","protected":false},"author":2,"featured_media":0,"parent":27,"menu_order":2,"comment_status":"closed","ping_status":"closed","template":"","meta":[],"acf":[],"_links":{"self":[{"href":"https:\/\/paropraxisberlin.de\/en\/wp-json\/wp\/v2\/pages\/121"}],"collection":[{"href":"https:\/\/paropraxisberlin.de\/en\/wp-json\/wp\/v2\/pages"}],"about":[{"href":"https:\/\/paropraxisberlin.de\/en\/wp-json\/wp\/v2\/types\/page"}],"author":[{"embeddable":true,"href":"https:\/\/paropraxisberlin.de\/en\/wp-json\/wp\/v2\/users\/2"}],"replies":[{"embeddable":true,"href":"https:\/\/paropraxisberlin.de\/en\/wp-json\/wp\/v2\/comments?post=121"}],"version-history":[{"count":0,"href":"https:\/\/paropraxisberlin.de\/en\/wp-json\/wp\/v2\/pages\/121\/revisions"}],"up":[{"embeddable":true,"href":"https:\/\/paropraxisberlin.de\/en\/wp-json\/wp\/v2\/pages\/27"}],"wp:attachment":[{"href":"https:\/\/paropraxisberlin.de\/en\/wp-json\/wp\/v2\/media?parent=121"}],"curies":[{"name":"wp","href":"https:\/\/api.w.org\/{rel}","templated":true}]}}